{"id":3690,"date":"2022-09-24T22:13:56","date_gmt":"2022-09-24T14:13:56","guid":{"rendered":"https:\/\/keelungpass.com\/?page_id=3690"},"modified":"2023-08-02T20:06:22","modified_gmt":"2023-08-02T12:06:22","slug":"keelungmap","status":"publish","type":"page","link":"https:\/\/keelungpass.com\/french\/keelungmap\/","title":{"rendered":"KeelungMap"},"content":{"rendered":"<div data-elementor-type=\"wp-page\" data-elementor-id=\"3690\" class=\"elementor elementor-3690\">\n\t\t\t\t\t\t<section class=\"elementor-section elementor-top-section elementor-element elementor-element-1a8d634 elementor-section-boxed elementor-section-height-default elementor-section-height-default\" data-id=\"1a8d634\" data-element_type=\"section\">\n\t\t\t\t\t\t<div class=\"elementor-container elementor-column-gap-default\">\n\t\t\t\t\t<div class=\"elementor-column elementor-col-33 elementor-top-column elementor-element elementor-element-2ff3e5e\" data-id=\"2ff3e5e\" data-element_type=\"column\">\n\t\t\t<div class=\"elementor-widget-wrap elementor-element-populated\">\n\t\t\t\t\t\t<div class=\"elementor-element elementor-element-94fc1c1 elementor-widget elementor-widget-menu-anchor\" data-id=\"94fc1c1\" data-element_type=\"widget\" data-widget_type=\"menu-anchor.default\">\n\t\t\t\t<div class=\"elementor-widget-container\">\n\t\t\t\t\t\t\t<div class=\"elementor-menu-anchor\" id=\"map\"><\/div>\n\t\t\t\t\t\t<\/div>\n\t\t\t\t<\/div>\n\t\t\t\t<div class=\"elementor-element elementor-element-76ac1e1 elementor-star-rating--align-justify elementor--star-style-star_fontawesome elementor-widget elementor-widget-star-rating\" data-id=\"76ac1e1\" data-element_type=\"widget\" data-widget_type=\"star-rating.default\">\n\t\t\t\t<div class=\"elementor-widget-container\">\n\t\t\t\t\t\n\t\t<div class=\"elementor-star-rating__wrapper\">\n\t\t\t\t\t\t<div class=\"elementor-star-rating\" title=\"10\/10\" itemtype=\"http:\/\/schema.org\/Rating\" itemscope=\"\" itemprop=\"reviewRating\"><i class=\"elementor-star-full\">&#xE934;<\/i><i class=\"elementor-star-full\">&#xE934;<\/i><i class=\"elementor-star-full\">&#xE934;<\/i><i class=\"elementor-star-full\">&#xE934;<\/i><i class=\"elementor-star-full\">&#xE934;<\/i><i class=\"elementor-star-full\">&#xE934;<\/i><i class=\"elementor-star-full\">&#xE934;<\/i><i class=\"elementor-star-full\">&#xE934;<\/i><i class=\"elementor-star-full\">&#xE934;<\/i><i class=\"elementor-star-full\">&#xE934;<\/i> <span itemprop=\"ratingValue\" class=\"elementor-screen-only\">10\/10<\/span><\/div>\t\t<\/div>\n\t\t\t\t\t\t<\/div>\n\t\t\t\t<\/div>\n\t\t\t\t\t<\/div>\n\t\t<\/div>\n\t\t\t\t<div class=\"elementor-column elementor-col-33 elementor-top-column elementor-element elementor-element-97a00a9\" data-id=\"97a00a9\" data-element_type=\"column\">\n\t\t\t<div class=\"elementor-widget-wrap elementor-element-populated\">\n\t\t\t\t\t\t<div class=\"elementor-element elementor-element-e16e991 elementor-widget elementor-widget-heading\" data-id=\"e16e991\" data-element_type=\"widget\" data-widget_type=\"heading.default\">\n\t\t\t\t<div class=\"elementor-widget-container\">\n\t\t\t\t\t<h2 class=\"elementor-heading-title elementor-size-default\">Cartes des sp\u00e9cialit\u00e9s de Keelung<\/h2>\t\t\t\t<\/div>\n\t\t\t\t<\/div>\n\t\t\t\t\t<\/div>\n\t\t<\/div>\n\t\t\t\t<div class=\"elementor-column elementor-col-33 elementor-top-column elementor-element elementor-element-7c68e74\" data-id=\"7c68e74\" data-element_type=\"column\">\n\t\t\t<div class=\"elementor-widget-wrap elementor-element-populated\">\n\t\t\t\t\t\t<div class=\"elementor-element elementor-element-df0c2fa elementor-star-rating--align-right elementor--star-style-star_fontawesome elementor-widget elementor-widget-star-rating\" data-id=\"df0c2fa\" data-element_type=\"widget\" data-widget_type=\"star-rating.default\">\n\t\t\t\t<div class=\"elementor-widget-container\">\n\t\t\t\t\t\n\t\t<div class=\"elementor-star-rating__wrapper\">\n\t\t\t\t\t\t<div class=\"elementor-star-rating\" title=\"10\/10\" itemtype=\"http:\/\/schema.org\/Rating\" itemscope=\"\" itemprop=\"reviewRating\"><i class=\"elementor-star-full\">&#xE934;<\/i><i class=\"elementor-star-full\">&#xE934;<\/i><i class=\"elementor-star-full\">&#xE934;<\/i><i class=\"elementor-star-full\">&#xE934;<\/i><i class=\"elementor-star-full\">&#xE934;<\/i><i class=\"elementor-star-full\">&#xE934;<\/i><i class=\"elementor-star-full\">&#xE934;<\/i><i class=\"elementor-star-full\">&#xE934;<\/i><i class=\"elementor-star-full\">&#xE934;<\/i><i class=\"elementor-star-full\">&#xE934;<\/i> <span itemprop=\"ratingValue\" class=\"elementor-screen-only\">10\/10<\/span><\/div>\t\t<\/div>\n\t\t\t\t\t\t<\/div>\n\t\t\t\t<\/div>\n\t\t\t\t\t<\/div>\n\t\t<\/div>\n\t\t\t\t\t<\/div>\n\t\t<\/section>\n\t\t\t\t<section class=\"elementor-section elementor-top-section elementor-element elementor-element-96369dc elementor-section-boxed elementor-section-height-default elementor-section-height-default\" data-id=\"96369dc\" data-element_type=\"section\">\n\t\t\t\t\t\t<div class=\"elementor-container elementor-column-gap-default\">\n\t\t\t\t\t<div class=\"elementor-column elementor-col-100 elementor-top-column elementor-element elementor-element-70fba87\" data-id=\"70fba87\" data-element_type=\"column\">\n\t\t\t<div class=\"elementor-widget-wrap elementor-element-populated\">\n\t\t\t\t\t\t<div class=\"elementor-element elementor-element-cad88c5 elementor-widget elementor-widget-text-editor\" data-id=\"cad88c5\" data-element_type=\"widget\" data-widget_type=\"text-editor.default\">\n\t\t\t\t<div class=\"elementor-widget-container\">\n\t\t\t\t\t\t\t\t\t<p style=\"text-align: center;\">Toutes les bonnes adresses de Keelung sont ici ! Choisissez simplement une carte~<\/p>\t\t\t\t\t\t\t\t<\/div>\n\t\t\t\t<\/div>\n\t\t\t\t\t<\/div>\n\t\t<\/div>\n\t\t\t\t\t<\/div>\n\t\t<\/section>\n\t\t\t\t<section class=\"elementor-section elementor-top-section elementor-element elementor-element-fbc8156 elementor-section-boxed elementor-section-height-default elementor-section-height-default\" data-id=\"fbc8156\" data-element_type=\"section\">\n\t\t\t\t\t\t<div class=\"elementor-container elementor-column-gap-default\">\n\t\t\t\t\t<div class=\"elementor-column elementor-col-33 elementor-top-column elementor-element elementor-element-020b3b2\" data-id=\"020b3b2\" data-element_type=\"column\">\n\t\t\t<div class=\"elementor-widget-wrap elementor-element-populated\">\n\t\t\t\t\t\t<div class=\"elementor-element elementor-element-a584a8b elementor-widget elementor-widget-image\" data-id=\"a584a8b\" data-element_type=\"widget\" data-widget_type=\"image.default\">\n\t\t\t\t<div class=\"elementor-widget-container\">\n\t\t\t\t\t\t\t\t\t\t\t\t<figure class=\"wp-caption\">\n\t\t\t\t\t\t\t\t\t\t\t<a href=\"#cafe\">\n\t\t\t\t\t\t\t<img decoding=\"async\" width=\"150\" height=\"150\" src=\"https:\/\/keelungpass.com\/wp-content\/uploads\/2022\/09\/coffee-cup-150x150.png\" class=\"attachment-thumbnail size-thumbnail wp-image-3672\" alt=\"cafe\" srcset=\"https:\/\/keelungpass.com\/wp-content\/uploads\/2022\/09\/coffee-cup-150x150.png 150w, https:\/\/keelungpass.com\/wp-content\/uploads\/2022\/09\/coffee-cup-300x300.png 300w, https:\/\/keelungpass.com\/wp-content\/uploads\/2022\/09\/coffee-cup-12x12.png 12w, https:\/\/keelungpass.com\/wp-content\/uploads\/2022\/09\/coffee-cup-100x100.png 100w, https:\/\/keelungpass.com\/wp-content\/uploads\/2022\/09\/coffee-cup.png 512w\" sizes=\"(max-width: 150px) 100vw, 150px\" title=\"\">\t\t\t\t\t\t\t\t<\/a>\n\t\t\t\t\t\t\t\t\t\t\t<figcaption class=\"widget-image-caption wp-caption-text\">Carte des Caf\u00e9s<\/figcaption>\n\t\t\t\t\t\t\t\t\t\t<\/figure>\n\t\t\t\t\t\t\t\t\t<\/div>\n\t\t\t\t<\/div>\n\t\t\t\t\t<\/div>\n\t\t<\/div>\n\t\t\t\t<div class=\"elementor-column elementor-col-33 elementor-top-column elementor-element elementor-element-45ccf42\" data-id=\"45ccf42\" data-element_type=\"column\">\n\t\t\t<div class=\"elementor-widget-wrap elementor-element-populated\">\n\t\t\t\t\t\t<div class=\"elementor-element elementor-element-fd2e2e9 elementor-widget elementor-widget-image\" data-id=\"fd2e2e9\" data-element_type=\"widget\" data-widget_type=\"image.default\">\n\t\t\t\t<div class=\"elementor-widget-container\">\n\t\t\t\t\t\t\t\t\t\t\t\t<figure class=\"wp-caption\">\n\t\t\t\t\t\t\t\t\t\t\t<a href=\"#ScallionPancakes\">\n\t\t\t\t\t\t\t<img decoding=\"async\" width=\"150\" height=\"150\" src=\"https:\/\/keelungpass.com\/wp-content\/uploads\/2022\/09\/latkes-150x150.png\" class=\"attachment-thumbnail size-thumbnail wp-image-3673\" alt=\"Scallion Pancakes\" srcset=\"https:\/\/keelungpass.com\/wp-content\/uploads\/2022\/09\/latkes-150x150.png 150w, https:\/\/keelungpass.com\/wp-content\/uploads\/2022\/09\/latkes-300x300.png 300w, https:\/\/keelungpass.com\/wp-content\/uploads\/2022\/09\/latkes-12x12.png 12w, https:\/\/keelungpass.com\/wp-content\/uploads\/2022\/09\/latkes-100x100.png 100w, https:\/\/keelungpass.com\/wp-content\/uploads\/2022\/09\/latkes.png 512w\" sizes=\"(max-width: 150px) 100vw, 150px\" title=\"\">\t\t\t\t\t\t\t\t<\/a>\n\t\t\t\t\t\t\t\t\t\t\t<figcaption class=\"widget-image-caption wp-caption-text\">Carte des galettes aux oignons verts<\/figcaption>\n\t\t\t\t\t\t\t\t\t\t<\/figure>\n\t\t\t\t\t\t\t\t\t<\/div>\n\t\t\t\t<\/div>\n\t\t\t\t\t<\/div>\n\t\t<\/div>\n\t\t\t\t<div class=\"elementor-column elementor-col-33 elementor-top-column elementor-element elementor-element-5c79b95\" data-id=\"5c79b95\" data-element_type=\"column\">\n\t\t\t<div class=\"elementor-widget-wrap elementor-element-populated\">\n\t\t\t\t\t\t<div class=\"elementor-element elementor-element-5af2245 elementor-widget elementor-widget-image\" data-id=\"5af2245\" data-element_type=\"widget\" data-widget_type=\"image.default\">\n\t\t\t\t<div class=\"elementor-widget-container\">\n\t\t\t\t\t\t\t\t\t\t\t\t<figure class=\"wp-caption\">\n\t\t\t\t\t\t\t\t\t\t\t<a href=\"#Pot\">\n\t\t\t\t\t\t\t<img decoding=\"async\" width=\"150\" height=\"150\" src=\"https:\/\/keelungpass.com\/wp-content\/uploads\/2022\/09\/chinese-food-150x150.png\" class=\"attachment-thumbnail size-thumbnail wp-image-3730\" alt=\"pot\" srcset=\"https:\/\/keelungpass.com\/wp-content\/uploads\/2022\/09\/chinese-food-150x150.png 150w, https:\/\/keelungpass.com\/wp-content\/uploads\/2022\/09\/chinese-food-300x300.png 300w, https:\/\/keelungpass.com\/wp-content\/uploads\/2022\/09\/chinese-food-12x12.png 12w, https:\/\/keelungpass.com\/wp-content\/uploads\/2022\/09\/chinese-food-100x100.png 100w, https:\/\/keelungpass.com\/wp-content\/uploads\/2022\/09\/chinese-food.png 512w\" sizes=\"(max-width: 150px) 100vw, 150px\" title=\"\">\t\t\t\t\t\t\t\t<\/a>\n\t\t\t\t\t\t\t\t\t\t\t<figcaption class=\"widget-image-caption wp-caption-text\">Carte des pot-au-feu<\/figcaption>\n\t\t\t\t\t\t\t\t\t\t<\/figure>\n\t\t\t\t\t\t\t\t\t<\/div>\n\t\t\t\t<\/div>\n\t\t\t\t\t<\/div>\n\t\t<\/div>\n\t\t\t\t\t<\/div>\n\t\t<\/section>\n\t\t\t\t<section class=\"elementor-section elementor-top-section elementor-element elementor-element-6eb76ed elementor-section-boxed elementor-section-height-default elementor-section-height-default\" data-id=\"6eb76ed\" data-element_type=\"section\">\n\t\t\t\t\t\t<div class=\"elementor-container elementor-column-gap-default\">\n\t\t\t\t\t<div class=\"elementor-column elementor-col-100 elementor-top-column elementor-element elementor-element-badb736\" data-id=\"badb736\" data-element_type=\"column\">\n\t\t\t<div class=\"elementor-widget-wrap elementor-element-populated\">\n\t\t\t\t\t\t<div class=\"elementor-element elementor-element-dac7b01 elementor-widget elementor-widget-heading\" data-id=\"dac7b01\" data-element_type=\"widget\" data-widget_type=\"heading.default\">\n\t\t\t\t<div class=\"elementor-widget-container\">\n\t\t\t\t\t<h2 class=\"elementor-heading-title elementor-size-default\">Carte des Caf\u00e9s<\/h2>\t\t\t\t<\/div>\n\t\t\t\t<\/div>\n\t\t\t\t<div class=\"elementor-element elementor-element-0e803f7 elementor-widget elementor-widget-menu-anchor\" data-id=\"0e803f7\" data-element_type=\"widget\" data-widget_type=\"menu-anchor.default\">\n\t\t\t\t<div class=\"elementor-widget-container\">\n\t\t\t\t\t\t\t<div class=\"elementor-menu-anchor\" id=\"cafe\"><\/div>\n\t\t\t\t\t\t<\/div>\n\t\t\t\t<\/div>\n\t\t\t\t\t<\/div>\n\t\t<\/div>\n\t\t\t\t\t<\/div>\n\t\t<\/section>\n\t\t\t\t<section class=\"elementor-section elementor-top-section elementor-element elementor-element-9377405 elementor-section-boxed elementor-section-height-default elementor-section-height-default\" data-id=\"9377405\" data-element_type=\"section\">\n\t\t\t\t\t\t<div class=\"elementor-container elementor-column-gap-default\">\n\t\t\t\t\t<div class=\"elementor-column elementor-col-50 elementor-top-column elementor-element elementor-element-23ede2d\" data-id=\"23ede2d\" data-element_type=\"column\">\n\t\t\t<div class=\"elementor-widget-wrap elementor-element-populated\">\n\t\t\t\t\t\t<div class=\"elementor-element elementor-element-83bdaf3 elementor-widget elementor-widget-html\" data-id=\"83bdaf3\" data-element_type=\"widget\" data-widget_type=\"html.default\">\n\t\t\t\t<div class=\"elementor-widget-container\">\n\t\t\t\t\t<iframe src=\"https:\/\/www.google.com\/maps\/d\/embed?mid=1jqBkkImECyB6zTjdxGl3ivjEnrv72cQ&ehbc=2E312F\" width=\"640\" height=\"480\"><\/iframe>\t\t\t\t<\/div>\n\t\t\t\t<\/div>\n\t\t\t\t\t<\/div>\n\t\t<\/div>\n\t\t\t\t<div class=\"elementor-column elementor-col-50 elementor-top-column elementor-element elementor-element-629e30d\" data-id=\"629e30d\" data-element_type=\"column\">\n\t\t\t<div class=\"elementor-widget-wrap elementor-element-populated\">\n\t\t\t\t\t\t<div class=\"elementor-element elementor-element-50de171 elementor-widget elementor-widget-text-editor\" data-id=\"50de171\" data-element_type=\"widget\" data-widget_type=\"text-editor.default\">\n\t\t\t\t<div class=\"elementor-widget-container\">\n\t\t\t\t\t\t\t\t\t<p>\uff1d\uff1d\uff1d<span style=\"background-color: var(--ast-global-color-5); color: var(--ast-global-color-3); font-size: 1rem;\">\uff1d\uff1d\uff1d\uff1d\uff1d<\/span><span style=\"background-color: var(--ast-global-color-5); color: var(--ast-global-color-3); font-style: inherit; font-weight: inherit;\">Carte des Caf\u00e9s<\/span><span style=\"background-color: var(--ast-global-color-5); color: var(--ast-global-color-3); font-size: 1rem;\">\uff1d<\/span><span style=\"background-color: var(--ast-global-color-5); color: var(--ast-global-color-3); font-size: 1rem;\">\uff1d<\/span><span style=\"background-color: var(--ast-global-color-5); color: var(--ast-global-color-3); font-style: inherit; font-weight: inherit;\">\uff1d\uff1d\uff1d\uff1d\uff1d\uff1d<\/span><\/p><p>Keelung \u00e9tant un port international, ses habitants ont, peut-\u00eatre, \u00e9t\u00e9 les premiers \u00e0 boire du caf\u00e9 \u00e0 Ta\u00efwan !<br \/>Nous avons le plus de Caf\u00e9s de tout le pays !<br \/>Allons d\u00e9couvrir les torr\u00e9facteurs locaux !<br \/>Cliquez sur l'ic\u00f4ne du magasin pour en savoir plus sur chaque Caf\u00e9 ! Sur la carte, nous avons r\u00e9sum\u00e9 les caract\u00e9ristiques de chaque Caf\u00e9, incluant s'il propose des repas l\u00e9gers ou des desserts, le nombre de places assises dans le magasin et s'il accepte les animaux domestiques. Tout de sorte \u00e0 ce que vous puissiez choisir le meilleur caf\u00e9 suivant vos besoins.<br \/>#\u6709\u4e3b\u98df<br \/>#\u751c\u9ede\u53b2\u5bb3<br \/>#\u7cbe\u9078\u5496\u5561\u8c46<br \/>#\u5bf5\u7269\u53cb\u5584 <br \/>#\u5ea7\u4f4d\u591a<br \/>#\u4e0d\u9650\u6642<br \/>#\u53ef\u8b80\u66f8<\/p>\t\t\t\t\t\t\t\t<\/div>\n\t\t\t\t<\/div>\n\t\t\t\t<div class=\"elementor-element elementor-element-af4a1fc elementor-widget elementor-widget-button\" data-id=\"af4a1fc\" data-element_type=\"widget\" data-widget_type=\"button.default\">\n\t\t\t\t<div class=\"elementor-widget-container\">\n\t\t\t\t\t\t\t\t\t<div class=\"elementor-button-wrapper\">\n\t\t\t\t\t<a class=\"elementor-button elementor-button-link elementor-size-sm\" href=\"#map\">\n\t\t\t\t\t\t<span class=\"elementor-button-content-wrapper\">\n\t\t\t\t\t\t\t\t\t<span class=\"elementor-button-text\">Plus de cartes<\/span>\n\t\t\t\t\t<\/span>\n\t\t\t\t\t<\/a>\n\t\t\t\t<\/div>\n\t\t\t\t\t\t\t\t<\/div>\n\t\t\t\t<\/div>\n\t\t\t\t\t<\/div>\n\t\t<\/div>\n\t\t\t\t\t<\/div>\n\t\t<\/section>\n\t\t\t\t<section class=\"elementor-section elementor-top-section elementor-element elementor-element-7213885 elementor-section-boxed elementor-section-height-default elementor-section-height-default\" data-id=\"7213885\" data-element_type=\"section\">\n\t\t\t\t\t\t<div class=\"elementor-container elementor-column-gap-default\">\n\t\t\t\t\t<div class=\"elementor-column elementor-col-100 elementor-top-column elementor-element elementor-element-51428b4\" data-id=\"51428b4\" data-element_type=\"column\">\n\t\t\t<div class=\"elementor-widget-wrap elementor-element-populated\">\n\t\t\t\t\t\t<div class=\"elementor-element elementor-element-3b99c63 elementor-widget elementor-widget-heading\" data-id=\"3b99c63\" data-element_type=\"widget\" data-widget_type=\"heading.default\">\n\t\t\t\t<div class=\"elementor-widget-container\">\n\t\t\t\t\t<h2 class=\"elementor-heading-title elementor-size-default\">Carte des galettes aux oignons verts<\/h2>\t\t\t\t<\/div>\n\t\t\t\t<\/div>\n\t\t\t\t<div class=\"elementor-element elementor-element-d559ce8 elementor-widget elementor-widget-menu-anchor\" data-id=\"d559ce8\" data-element_type=\"widget\" data-widget_type=\"menu-anchor.default\">\n\t\t\t\t<div class=\"elementor-widget-container\">\n\t\t\t\t\t\t\t<div class=\"elementor-menu-anchor\" id=\"ScallionPancakes\"><\/div>\n\t\t\t\t\t\t<\/div>\n\t\t\t\t<\/div>\n\t\t\t\t\t<\/div>\n\t\t<\/div>\n\t\t\t\t\t<\/div>\n\t\t<\/section>\n\t\t\t\t<section class=\"elementor-section elementor-top-section elementor-element elementor-element-5e24198 elementor-section-boxed elementor-section-height-default elementor-section-height-default\" data-id=\"5e24198\" data-element_type=\"section\">\n\t\t\t\t\t\t<div class=\"elementor-container elementor-column-gap-default\">\n\t\t\t\t\t<div class=\"elementor-column elementor-col-50 elementor-top-column elementor-element elementor-element-7a59184\" data-id=\"7a59184\" data-element_type=\"column\">\n\t\t\t<div class=\"elementor-widget-wrap elementor-element-populated\">\n\t\t\t\t\t\t<div class=\"elementor-element elementor-element-70b987b elementor-widget elementor-widget-html\" data-id=\"70b987b\" data-element_type=\"widget\" data-widget_type=\"html.default\">\n\t\t\t\t<div class=\"elementor-widget-container\">\n\t\t\t\t\t<iframe src=\"https:\/\/www.google.com\/maps\/d\/embed?mid=1frKXJ7H505SG6oRkB_F5nCgmf9AJjpU&ehbc=2E312F\" width=\"640\" height=\"480\"><\/iframe>\t\t\t\t<\/div>\n\t\t\t\t<\/div>\n\t\t\t\t\t<\/div>\n\t\t<\/div>\n\t\t\t\t<div class=\"elementor-column elementor-col-50 elementor-top-column elementor-element elementor-element-48b950d\" data-id=\"48b950d\" data-element_type=\"column\">\n\t\t\t<div class=\"elementor-widget-wrap elementor-element-populated\">\n\t\t\t\t\t\t<div class=\"elementor-element elementor-element-604136a elementor-widget elementor-widget-text-editor\" data-id=\"604136a\" data-element_type=\"widget\" data-widget_type=\"text-editor.default\">\n\t\t\t\t<div class=\"elementor-widget-container\">\n\t\t\t\t\t\t\t\t\t<p>\uff1d\uff1d\uff1d<span style=\"background-color: var(--ast-global-color-5); color: var(--ast-global-color-3); font-size: 1rem;\">\uff1d<\/span><span style=\"background-color: var(--ast-global-color-5); color: var(--ast-global-color-3); font-size: 1rem;\">\uff1d\uff1d\uff1d\uff1d<\/span><span style=\"background-color: var(--ast-global-color-5); color: var(--ast-global-color-3); font-style: inherit; font-weight: inherit;\">Carte des galettes aux oignons verts<\/span><span style=\"background-color: var(--ast-global-color-5); color: var(--ast-global-color-3); font-style: inherit; font-weight: inherit;\">\uff1d\uff1d\uff1d\uff1d\uff1d\uff1d\uff1d\uff1d<\/span><\/p>\n<p>Cr\u00eape aux oignons verts + soupe Wonton = un petit-d\u00e9jeuner incontournable \u00e0 Keelung !<br>Cliquez sur l'ic\u00f4ne du magasin pour voir les prix et les heures d'ouverture!<\/p>\t\t\t\t\t\t\t\t<\/div>\n\t\t\t\t<\/div>\n\t\t\t\t<div class=\"elementor-element elementor-element-622704a elementor-widget elementor-widget-button\" data-id=\"622704a\" data-element_type=\"widget\" data-widget_type=\"button.default\">\n\t\t\t\t<div class=\"elementor-widget-container\">\n\t\t\t\t\t\t\t\t\t<div class=\"elementor-button-wrapper\">\n\t\t\t\t\t<a class=\"elementor-button elementor-button-link elementor-size-sm\" href=\"#map\">\n\t\t\t\t\t\t<span class=\"elementor-button-content-wrapper\">\n\t\t\t\t\t\t\t\t\t<span class=\"elementor-button-text\">Plus de cartes<\/span>\n\t\t\t\t\t<\/span>\n\t\t\t\t\t<\/a>\n\t\t\t\t<\/div>\n\t\t\t\t\t\t\t\t<\/div>\n\t\t\t\t<\/div>\n\t\t\t\t\t<\/div>\n\t\t<\/div>\n\t\t\t\t\t<\/div>\n\t\t<\/section>\n\t\t\t\t<section class=\"elementor-section elementor-top-section elementor-element elementor-element-5630a12 elementor-section-boxed elementor-section-height-default elementor-section-height-default\" data-id=\"5630a12\" data-element_type=\"section\">\n\t\t\t\t\t\t<div class=\"elementor-container elementor-column-gap-default\">\n\t\t\t\t\t<div class=\"elementor-column elementor-col-100 elementor-top-column elementor-element elementor-element-09a8ef2\" data-id=\"09a8ef2\" data-element_type=\"column\">\n\t\t\t<div class=\"elementor-widget-wrap elementor-element-populated\">\n\t\t\t\t\t\t<div class=\"elementor-element elementor-element-b59833d elementor-widget elementor-widget-heading\" data-id=\"b59833d\" data-element_type=\"widget\" data-widget_type=\"heading.default\">\n\t\t\t\t<div class=\"elementor-widget-container\">\n\t\t\t\t\t<h2 class=\"elementor-heading-title elementor-size-default\">Carte des pot-au-feu<\/h2>\t\t\t\t<\/div>\n\t\t\t\t<\/div>\n\t\t\t\t<div class=\"elementor-element elementor-element-ee1d281 elementor-widget elementor-widget-menu-anchor\" data-id=\"ee1d281\" data-element_type=\"widget\" data-widget_type=\"menu-anchor.default\">\n\t\t\t\t<div class=\"elementor-widget-container\">\n\t\t\t\t\t\t\t<div class=\"elementor-menu-anchor\" id=\"Pot\"><\/div>\n\t\t\t\t\t\t<\/div>\n\t\t\t\t<\/div>\n\t\t\t\t\t<\/div>\n\t\t<\/div>\n\t\t\t\t\t<\/div>\n\t\t<\/section>\n\t\t\t\t<section class=\"elementor-section elementor-top-section elementor-element elementor-element-58f37a7 elementor-section-boxed elementor-section-height-default elementor-section-height-default\" data-id=\"58f37a7\" data-element_type=\"section\">\n\t\t\t\t\t\t<div class=\"elementor-container elementor-column-gap-default\">\n\t\t\t\t\t<div class=\"elementor-column elementor-col-50 elementor-top-column elementor-element elementor-element-ea24d4b\" data-id=\"ea24d4b\" data-element_type=\"column\">\n\t\t\t<div class=\"elementor-widget-wrap elementor-element-populated\">\n\t\t\t\t\t\t<div class=\"elementor-element elementor-element-3c0cc0c elementor-widget elementor-widget-html\" data-id=\"3c0cc0c\" data-element_type=\"widget\" data-widget_type=\"html.default\">\n\t\t\t\t<div class=\"elementor-widget-container\">\n\t\t\t\t\t<iframe src=\"https:\/\/www.google.com\/maps\/d\/embed?mid=1FvufXkhtMKaokVtJsVaZJnNltfG82KM&ehbc=2E312F\" width=\"640\" height=\"480\"><\/iframe>\t\t\t\t<\/div>\n\t\t\t\t<\/div>\n\t\t\t\t\t<\/div>\n\t\t<\/div>\n\t\t\t\t<div class=\"elementor-column elementor-col-50 elementor-top-column elementor-element elementor-element-b62c6a0\" data-id=\"b62c6a0\" data-element_type=\"column\">\n\t\t\t<div class=\"elementor-widget-wrap elementor-element-populated\">\n\t\t\t\t\t\t<div class=\"elementor-element elementor-element-a1329d9 elementor-widget elementor-widget-text-editor\" data-id=\"a1329d9\" data-element_type=\"widget\" data-widget_type=\"text-editor.default\">\n\t\t\t\t<div class=\"elementor-widget-container\">\n\t\t\t\t\t\t\t\t\t<p>\uff1d\uff1d\uff1d\uff1d\uff1d\uff1dCarte Hot Pot\uff1d\uff1d\uff1d\uff1d\uff1d\uff1d<br \/>Les habitants de Keelung aiment la fondue plus\nque vous ne pouvez l'imaginer !<br \/>De nombreux Hotpot ici sont \u00e0 base de crevettes.<br \/>Les combinaisons de fruits de mer sont encore meilleures !<br \/>Seul ou \u00e0 partager, le Hotpot est un plat copieux.<br \/>Crit\u00e8res de s\u00e9lection<br \/>Restaurant ind\u00e9pendant <br \/>Sp\u00e9cialiste de la fondue<br \/>Prix<br \/>Nous nous sommes bas\u00e9s sur les prix de la fondue au porc la moins ch\u00e8re<br \/>Moins de 250 $ NT<br \/>250-300 $$ NT<br \/>Plus de 300 $$$ NT<\/p>\t\t\t\t\t\t\t\t<\/div>\n\t\t\t\t<\/div>\n\t\t\t\t<div class=\"elementor-element elementor-element-52f268e elementor-widget elementor-widget-button\" data-id=\"52f268e\" data-element_type=\"widget\" data-widget_type=\"button.default\">\n\t\t\t\t<div class=\"elementor-widget-container\">\n\t\t\t\t\t\t\t\t\t<div class=\"elementor-button-wrapper\">\n\t\t\t\t\t<a class=\"elementor-button elementor-button-link elementor-size-sm\" href=\"#map\">\n\t\t\t\t\t\t<span class=\"elementor-button-content-wrapper\">\n\t\t\t\t\t\t\t\t\t<span class=\"elementor-button-text\">Plus de cartes<\/span>\n\t\t\t\t\t<\/span>\n\t\t\t\t\t<\/a>\n\t\t\t\t<\/div>\n\t\t\t\t\t\t\t\t<\/div>\n\t\t\t\t<\/div>\n\t\t\t\t\t<\/div>\n\t\t<\/div>\n\t\t\t\t\t<\/div>\n\t\t<\/section>\n\t\t\t\t<\/div>","protected":false},"excerpt":{"rendered":"<p>\ue934\ue934\ue934\ue934\ue934\ue934\ue934\ue934\ue934\ue934 10\/10 \u57fa\u9686\u5c08\u5c6c\u61f6\u4eba\u5305\u5730\u5716 \ue934\ue934\ue934\ue934\ue934\ue934\ue934\ue934\ue934\ue934 10\/10 \u57fa\u9686\u5728\u5730\u597d\u53bb\u8655\u90fd\u5728\u9019\uff01 &hellip;<\/p>\n<p class=\"read-more\"> <a class=\"\" href=\"https:\/\/keelungpass.com\/french\/keelungmap\/\"> <span class=\"screen-reader-text\">KeelungMap<\/span> Lire la suite\u00a0\u00bb<\/a><\/p>","protected":false},"author":1,"featured_media":3672,"parent":0,"menu_order":0,"comment_status":"closed","ping_status":"closed","template":"elementor_header_footer","meta":{"site-sidebar-layout":"no-sidebar","site-content-layout":"page-builder","ast-main-header-display":"","ast-hfb-above-header-display":"","ast-hfb-below-header-display":"","ast-hfb-mobile-header-display":"","site-post-title":"disabled","ast-breadcrumbs-content":"","ast-featured-img":"disabled","footer-sml-layout":"","theme-transparent-header-meta":"","adv-header-id-meta":"","stick-header-meta":"","header-above-stick-meta":"","header-main-stick-meta":"","header-below-stick-meta":"","footnotes":""},"class_list":["post-3690","page","type-page","status-publish","has-post-thumbnail","hentry"],"jetpack_sharing_enabled":true,"_links":{"self":[{"href":"https:\/\/keelungpass.com\/french\/wp-json\/wp\/v2\/pages\/3690","targetHints":{"allow":["GET"]}}],"collection":[{"href":"https:\/\/keelungpass.com\/french\/wp-json\/wp\/v2\/pages"}],"about":[{"href":"https:\/\/keelungpass.com\/french\/wp-json\/wp\/v2\/types\/page"}],"author":[{"embeddable":true,"href":"https:\/\/keelungpass.com\/french\/wp-json\/wp\/v2\/users\/1"}],"replies":[{"embeddable":true,"href":"https:\/\/keelungpass.com\/french\/wp-json\/wp\/v2\/comments?post=3690"}],"version-history":[{"count":5,"href":"https:\/\/keelungpass.com\/french\/wp-json\/wp\/v2\/pages\/3690\/revisions"}],"predecessor-version":[{"id":8101,"href":"https:\/\/keelungpass.com\/french\/wp-json\/wp\/v2\/pages\/3690\/revisions\/8101"}],"wp:featuredmedia":[{"embeddable":true,"href":"https:\/\/keelungpass.com\/french\/wp-json\/wp\/v2\/media\/3672"}],"wp:attachment":[{"href":"https:\/\/keelungpass.com\/french\/wp-json\/wp\/v2\/media?parent=3690"}],"curies":[{"name":"wp","href":"https:\/\/api.w.org\/{rel}","templated":true}]}}